{"id":6,"date":"2006-07-02T03:33:05","date_gmt":"2006-07-02T01:33:05","guid":{"rendered":""},"modified":"2021-10-11T13:33:35","modified_gmt":"2021-10-11T11:33:35","slug":"costes","status":"publish","type":"page","link":"https:\/\/todomediacion.com\/costes-mediacion","title":{"rendered":"Costes"},"content":{"rendered":"<p>Los procesos de mediaci\u00f3n son al mismo tiempo m\u00e1s eficaces, m\u00e1s amables y m\u00e1s econ\u00f3micos que los procesos judiciales.<\/p>\n<p>Los costes de nuestros servicios en general son los siguientes. No obstante, si quiere que le hagamos un presupuesto pormenorizado no dude en contactarnos.<\/p>\n<ul>\n<li>Coste por sesi\u00f3n de una hora<strong> 70<\/strong> euros.<\/li>\n<li>Posibilidad de pago en plazos.<\/li>\n<li>Segumiento y <strong>garant\u00eda<\/strong> del acuerdo durante dos a\u00f1os sin coste alguno.<\/li>\n<\/ul>\n","protected":false},"excerpt":{"rendered":"<p>Los procesos de mediaci\u00f3n son al mismo tiempo m\u00e1s eficaces, m\u00e1s amables y m\u00e1s econ\u00f3micos que los procesos judiciales. Los costes de nuestros servicios en general son los siguientes. No obstante, si quiere que le hagamos un presupuesto pormenorizado no dude en contactarnos. Coste por sesi\u00f3n de una hora 70 euros. Posibilidad de pago en [&hellip;]<\/p>\n","protected":false},"author":1,"featured_media":0,"parent":0,"menu_order":0,"comment_status":"closed","ping_status":"open","template":"","meta":{"footnotes":""},"class_list":["post-6","page","type-page","status-publish","hentry"],"_links":{"self":[{"href":"https:\/\/todomediacion.com\/index.php?rest_route=\/wp\/v2\/pages\/6","targetHints":{"allow":["GET"]}}],"collection":[{"href":"https:\/\/todomediacion.com\/index.php?rest_route=\/wp\/v2\/pages"}],"about":[{"href":"https:\/\/todomediacion.com\/index.php?rest_route=\/wp\/v2\/types\/page"}],"author":[{"embeddable":true,"href":"https:\/\/todomediacion.com\/index.php?rest_route=\/wp\/v2\/users\/1"}],"replies":[{"embeddable":true,"href":"https:\/\/todomediacion.com\/index.php?rest_route=%2Fwp%2Fv2%2Fcomments&post=6"}],"version-history":[{"count":2,"href":"https:\/\/todomediacion.com\/index.php?rest_route=\/wp\/v2\/pages\/6\/revisions"}],"predecessor-version":[{"id":331,"href":"https:\/\/todomediacion.com\/index.php?rest_route=\/wp\/v2\/pages\/6\/revisions\/331"}],"wp:attachment":[{"href":"https:\/\/todomediacion.com\/index.php?rest_route=%2Fwp%2Fv2%2Fmedia&parent=6"}],"curies":[{"name":"wp","href":"https:\/\/api.w.org\/{rel}","templated":true}]}}